{"id":20,"date":"2013-09-26T07:32:00","date_gmt":"2013-09-26T05:32:00","guid":{"rendered":"http:\/\/www.riex-papillon.de\/?page_id=20"},"modified":"2025-07-27T09:42:51","modified_gmt":"2025-07-27T07:42:51","slug":"welpen-puppies","status":"publish","type":"page","link":"http:\/\/www.riex-papillon.de\/?page_id=20","title":{"rendered":"Welpen (Puppies)"},"content":{"rendered":"<p><img loading=\"lazy\" decoding=\"async\" class=\"alignnone  wp-image-110 alignleft\" src=\"http:\/\/www.riex-papillon.de\/wp-content\/uploads\/2013\/09\/welpen.png\" alt=\"welpen\" width=\"600\" height=\"114\" srcset=\"https:\/\/www.riex-papillon.de\/wp-content\/uploads\/2013\/09\/welpen.png 600w, https:\/\/www.riex-papillon.de\/wp-content\/uploads\/2013\/09\/welpen-300x57.png 300w, https:\/\/www.riex-papillon.de\/wp-content\/uploads\/2013\/09\/welpen-250x47.png 250w\" sizes=\"auto, (max-width: 600px) 100vw, 600px\" \/><\/p>\n<p><strong>Papillon-Kennel \/\u00a0 Papillon-Zucht &#8222;von der Seseke&#8220;<\/strong><\/p>\n<p><img loading=\"lazy\" decoding=\"async\" class=\"size-full wp-image-677 alignleft\" style=\"border: 1px solid #dcdcdc; padding: 10px;\" src=\"http:\/\/www.riex-papillon.de\/wp-content\/uploads\/2013\/09\/Dana-Bazze-als-Welpen.png\" alt=\"Dana-Bazze-als-Welpen\" width=\"355\" height=\"247\" srcset=\"https:\/\/www.riex-papillon.de\/wp-content\/uploads\/2013\/09\/Dana-Bazze-als-Welpen.png 355w, https:\/\/www.riex-papillon.de\/wp-content\/uploads\/2013\/09\/Dana-Bazze-als-Welpen-300x208.png 300w, https:\/\/www.riex-papillon.de\/wp-content\/uploads\/2013\/09\/Dana-Bazze-als-Welpen-250x173.png 250w\" sizes=\"auto, (max-width: 355px) 100vw, 355px\" \/><\/p>\n<p>Wir freuen \u00fcber Ihr Interesse an unseren Welpen aus meiner Papillon-Zucht &#8222;von der Seseke&#8220;. Seit 1989 z\u00fcchte ich die liebenswerte und intelligenten Hunde Papillon.<\/p>\n<p>In einem pers\u00f6nlichen und telefonischen Gespr\u00e4ch beantworte ich Ihnen gerne Ihre Fragen vor der Anschaffung eines Papillonwelpen.<\/p>\n<p>Sicherlich haben Sie als neuer Welpenbesitzer Fragen. Auch nach der Anschaffung eines Puppy stehe ich Ihnen selbstverst\u00e4ndlich gerne zur Seite.<\/p>\n<h2 style=\"text-align: left;\"><strong>\u00a0\u00a0\u00a0\u00a0\u00a0\u00a0\u00a0\u00a0\u00a0\u00a0\u00a0\u00a0\u00a0\u00a0\u00a0\u00a0\u00a0\u00a0\u00a0\u00a0\u00a0\u00a0\u00a0\u00a0\u00a0\u00a0\u00a0\u00a0\u00a0\u00a0\u00a0\u00a0\u00a0\u00a0\u00a0\u00a0\u00a0\u00a0\u00a0\u00a0\u00a0\u00a0\u00a0\u00a0\u00a0\u00a0\u00a0\u00a0\u00a0\u00a0\u00a0\u00a0\u00a0\u00a0\u00a0\u00a0\u00a0\u00a0\u00a0\u00a0\u00a0\u00a0\u00a0\u00a0\u00a0\u00a0\u00a0\u00a0\u00a0\u00a0\u00a0\u00a0\u00a0\u00a0\u00a0\u00a0\u00a0\u00a0\u00a0\u00a0\u00a0\u00a0\u00a0\u00a0\u00a0\u00a0\u00a0\u00a0\u00a0\u00a0\u00a0\u00a0\u00a0\u00a0\u00a0\u00a0\u00a0\u00a0\u00a0\u00a0\u00a0\u00a0\u00a0\u00a0\u00a0\u00a0\u00a0\u00a0\u00a0\u00a0\u00a0\u00a0\u00a0\u00a0\u00a0\u00a0\u00a0\u00a0\u00a0\u00a0\u00a0\u00a0\u00a0\u00a0\u00a0\u00a0\u00a0\u00a0\u00a0\u00a0\u00a0\u00a0\u00a0\u00a0\u00a0\u00a0\u00a0\u00a0\u00a0\u00a0\u00a0\u00a0\u00a0\u00a0\u00a0\u00a0\u00a0\u00a0\u00a0\u00a0\u00a0\u00a0\u00a0\u00a0\u00a0\u00a0\u00a0\u00a0\u00a0\u00a0\u00a0\u00a0\u00a0\u00a0\u00a0\u00a0\u00a0\u00a0\u00a0\u00a0\u00a0\u00a0\u00a0\u00a0\u00a0\u00a0\u00a0\u00a0\u00a0\u00a0\u00a0\u00a0\u00a0\u00a0\u00a0\u00a0\u00a0\u00a0\u00a0\u00a0\u00a0\u00a0\u00a0\u00a0\u00a0\u00a0\u00a0\u00a0\u00a0\u00a0\u00a0\u00a0\u00a0\u00a0\u00a0\u00a0\u00a0\u00a0\u00a0\u00a0\u00a0\u00a0\u00a0\u00a0\u00a0\u00a0\u00a0\u00a0\u00a0\u00a0 <\/strong><a href=\"https:\/\/www.riex-papillon.de\/wp-content\/uploads\/2025\/05\/Welpen-Bea-2025-35-Wo.jpg\"><img loading=\"lazy\" decoding=\"async\" class=\"size-medium wp-image-1951 alignleft\" src=\"https:\/\/www.riex-papillon.de\/wp-content\/uploads\/2025\/05\/Welpen-Bea-2025-35-Wo-300x263.jpg\" alt=\"\" width=\"300\" height=\"263\" srcset=\"https:\/\/www.riex-papillon.de\/wp-content\/uploads\/2025\/05\/Welpen-Bea-2025-35-Wo-300x263.jpg 300w, https:\/\/www.riex-papillon.de\/wp-content\/uploads\/2025\/05\/Welpen-Bea-2025-35-Wo-1024x896.jpg 1024w, https:\/\/www.riex-papillon.de\/wp-content\/uploads\/2025\/05\/Welpen-Bea-2025-35-Wo-768x672.jpg 768w, https:\/\/www.riex-papillon.de\/wp-content\/uploads\/2025\/05\/Welpen-Bea-2025-35-Wo-1536x1344.jpg 1536w, https:\/\/www.riex-papillon.de\/wp-content\/uploads\/2025\/05\/Welpen-Bea-2025-35-Wo-2048x1793.jpg 2048w\" sizes=\"auto, (max-width: 300px) 100vw, 300px\" \/><\/a><\/h2>\n<address>\u00a0<\/address>\n<address><a href=\"http:\/\/www.riex-papillon.de\/wp-content\/uploads\/2013\/09\/IMG_2118.jpg\">\u00a0\u00a0\u00a0\u00a0\u00a0\u00a0\u00a0\u00a0\u00a0\u00a0 <img loading=\"lazy\" decoding=\"async\" class=\"size-medium wp-image-1157 alignright\" src=\"http:\/\/www.riex-papillon.de\/wp-content\/uploads\/2013\/09\/IMG_2118-300x300.jpg\" alt=\"\" width=\"300\" height=\"300\" srcset=\"https:\/\/www.riex-papillon.de\/wp-content\/uploads\/2013\/09\/IMG_2118-300x300.jpg 300w, https:\/\/www.riex-papillon.de\/wp-content\/uploads\/2013\/09\/IMG_2118-150x150.jpg 150w, https:\/\/www.riex-papillon.de\/wp-content\/uploads\/2013\/09\/IMG_2118-1024x1024.jpg 1024w, https:\/\/www.riex-papillon.de\/wp-content\/uploads\/2013\/09\/IMG_2118-250x249.jpg 250w\" sizes=\"auto, (max-width: 300px) 100vw, 300px\" \/><\/a> \u00a0\u00a0\u00a0\u00a0\u00a0\u00a0\u00a0\u00a0\u00a0 <a href=\"http:\/\/www.riex-papillon.de\/wp-content\/uploads\/2013\/09\/welpen5.png\"><img loading=\"lazy\" decoding=\"async\" class=\"size-medium wp-image-504 aligncenter\" src=\"http:\/\/www.riex-papillon.de\/wp-content\/uploads\/2013\/09\/welpen5-300x256.png\" alt=\"\" width=\"300\" height=\"256\" srcset=\"https:\/\/www.riex-papillon.de\/wp-content\/uploads\/2013\/09\/welpen5-300x256.png 300w, https:\/\/www.riex-papillon.de\/wp-content\/uploads\/2013\/09\/welpen5-250x214.png 250w, https:\/\/www.riex-papillon.de\/wp-content\/uploads\/2013\/09\/welpen5.png 320w\" sizes=\"auto, (max-width: 300px) 100vw, 300px\" \/><\/a> \u00a0\u00a0\u00a0\u00a0\u00a0\u00a0\u00a0\u00a0\u00a0\u00a0\u00a0\u00a0\u00a0\u00a0\u00a0\u00a0\u00a0\u00a0\u00a0\u00a0\u00a0\u00a0\u00a0\u00a0\u00a0\u00a0\u00a0\u00a0\u00a0\u00a0\u00a0\u00a0\u00a0\u00a0\u00a0\u00a0\u00a0\u00a0\u00a0\u00a0\u00a0\u00a0\u00a0\u00a0\u00a0\u00a0\u00a0\u00a0\u00a0\u00a0\u00a0\u00a0\u00a0\u00a0\u00a0\u00a0\u00a0\u00a0\u00a0\u00a0\u00a0\u00a0\u00a0\u00a0\u00a0\u00a0\u00a0\u00a0\u00a0\u00a0\u00a0\u00a0\u00a0\u00a0\u00a0\u00a0\u00a0\u00a0\u00a0\u00a0\u00a0\u00a0\u00a0\u00a0\u00a0\u00a0\u00a0\u00a0\u00a0\u00a0\u00a0\u00a0\u00a0\u00a0\u00a0\u00a0\u00a0\u00a0\u00a0\u00a0\u00a0\u00a0\u00a0\u00a0\u00a0\u00a0\u00a0\u00a0\u00a0\u00a0\u00a0\u00a0\u00a0\u00a0 \u00a0 \u00a0\u00a0\u00a0\u00a0<\/address>\n<address>\u00a0 \u00a0 \u00a0\u00a0 \u00a0\u00a0\u00a0\u00a0\u00a0\u00a0\u00a0\u00a0\u00a0\u00a0\u00a0\u00a0\u00a0\u00a0\u00a0<\/address>\n<address><a href=\"http:\/\/www.riex-papillon.de\/wp-content\/uploads\/2013\/09\/HP-052.jpg\"><img loading=\"lazy\" decoding=\"async\" class=\"size-medium wp-image-485 alignright\" src=\"http:\/\/www.riex-papillon.de\/wp-content\/uploads\/2013\/09\/HP-052-300x217.jpg\" alt=\"\" width=\"300\" height=\"217\" srcset=\"https:\/\/www.riex-papillon.de\/wp-content\/uploads\/2013\/09\/HP-052-300x217.jpg 300w, https:\/\/www.riex-papillon.de\/wp-content\/uploads\/2013\/09\/HP-052-250x180.jpg 250w, https:\/\/www.riex-papillon.de\/wp-content\/uploads\/2013\/09\/HP-052.jpg 600w\" sizes=\"auto, (max-width: 300px) 100vw, 300px\" \/><\/a>\u00a0 \u00a0\u00a0 \u00a0\u00a0 \u00a0\u00a0 \u00a0\u00a0 \u00a0\u00a0 \u00a0\u00a0 \u00a0\u00a0 \u00a0\u00a0 \u00a0\u00a0 \u00a0\u00a0 \u00a0\u00a0 \u00a0\u00a0 \u00a0\u00a0 \u00a0\u00a0 \u00a0\u00a0 \u00a0\u00a0\u00a0 \u00a0\u00a0 \u00a0 <a href=\"http:\/\/www.riex-papillon.de\/wp-content\/uploads\/2013\/09\/IMG_2040.jpg\"><img loading=\"lazy\" decoding=\"async\" class=\"size-medium wp-image-1159 alignleft\" src=\"http:\/\/www.riex-papillon.de\/wp-content\/uploads\/2013\/09\/IMG_2040-275x300.jpg\" alt=\"\" width=\"275\" height=\"300\" srcset=\"https:\/\/www.riex-papillon.de\/wp-content\/uploads\/2013\/09\/IMG_2040-275x300.jpg 275w, https:\/\/www.riex-papillon.de\/wp-content\/uploads\/2013\/09\/IMG_2040-942x1024.jpg 942w\" sizes=\"auto, (max-width: 275px) 100vw, 275px\" \/><\/a><a href=\"http:\/\/www.riex-papillon.de\/wp-content\/uploads\/2022\/11\/Welpen7.jpg\"><img loading=\"lazy\" decoding=\"async\" class=\"size-medium wp-image-1744 aligncenter\" src=\"http:\/\/www.riex-papillon.de\/wp-content\/uploads\/2022\/11\/Welpen7-300x276.jpg\" alt=\"\" width=\"300\" height=\"276\" srcset=\"https:\/\/www.riex-papillon.de\/wp-content\/uploads\/2022\/11\/Welpen7-300x276.jpg 300w, https:\/\/www.riex-papillon.de\/wp-content\/uploads\/2022\/11\/Welpen7-1024x943.jpg 1024w, https:\/\/www.riex-papillon.de\/wp-content\/uploads\/2022\/11\/Welpen7-768x707.jpg 768w, https:\/\/www.riex-papillon.de\/wp-content\/uploads\/2022\/11\/Welpen7-250x230.jpg 250w, https:\/\/www.riex-papillon.de\/wp-content\/uploads\/2022\/11\/Welpen7.jpg 1421w\" sizes=\"auto, (max-width: 300px) 100vw, 300px\" \/><\/a>\u00a0\u00a0\u00a0\u00a0\u00a0\u00a0\u00a0\u00a0\u00a0\u00a0\u00a0\u00a0\u00a0\u00a0\u00a0\u00a0\u00a0\u00a0\u00a0\u00a0\u00a0\u00a0\u00a0\u00a0\u00a0\u00a0\u00a0\u00a0\u00a0\u00a0\u00a0\u00a0\u00a0\u00a0\u00a0\u00a0\u00a0\u00a0\u00a0\u00a0\u00a0\u00a0\u00a0\u00a0\u00a0\u00a0\u00a0\u00a0\u00a0\u00a0\u00a0\u00a0\u00a0\u00a0\u00a0\u00a0\u00a0\u00a0\u00a0\u00a0\u00a0\u00a0\u00a0\u00a0\u00a0\u00a0\u00a0\u00a0\u00a0\u00a0\u00a0\u00a0\u00a0\u00a0\u00a0\u00a0\u00a0\u00a0\u00a0\u00a0\u00a0\u00a0\u00a0<a href=\"https:\/\/www.riex-papillon.de\/wp-content\/uploads\/2025\/07\/Welpe-Bea-2025-mit-10-Wochen.jpg\"><img loading=\"lazy\" decoding=\"async\" class=\"wp-image-1955 alignright\" src=\"https:\/\/www.riex-papillon.de\/wp-content\/uploads\/2025\/07\/Welpe-Bea-2025-mit-10-Wochen-300x256.jpg\" alt=\"\" width=\"248\" height=\"212\" srcset=\"https:\/\/www.riex-papillon.de\/wp-content\/uploads\/2025\/07\/Welpe-Bea-2025-mit-10-Wochen-300x256.jpg 300w, https:\/\/www.riex-papillon.de\/wp-content\/uploads\/2025\/07\/Welpe-Bea-2025-mit-10-Wochen-1024x873.jpg 1024w, https:\/\/www.riex-papillon.de\/wp-content\/uploads\/2025\/07\/Welpe-Bea-2025-mit-10-Wochen-768x655.jpg 768w, https:\/\/www.riex-papillon.de\/wp-content\/uploads\/2025\/07\/Welpe-Bea-2025-mit-10-Wochen.jpg 1080w\" sizes=\"auto, (max-width: 248px) 100vw, 248px\" \/><\/a> \u00a0\u00a0\u00a0\u00a0\u00a0\u00a0\u00a0\u00a0\u00a0\u00a0\u00a0\u00a0\u00a0\u00a0\u00a0\u00a0\u00a0\u00a0\u00a0\u00a0\u00a0\u00a0\u00a0\u00a0\u00a0\u00a0\u00a0\u00a0\u00a0\u00a0\u00a0\u00a0\u00a0\u00a0\u00a0\u00a0\u00a0\u00a0\u00a0\u00a0\u00a0 <a href=\"http:\/\/www.riex-papillon.de\/wp-content\/uploads\/2013\/09\/IMG_2254.jpg\"><img loading=\"lazy\" decoding=\"async\" class=\"size-medium wp-image-1168 alignleft\" src=\"http:\/\/www.riex-papillon.de\/wp-content\/uploads\/2013\/09\/IMG_2254-300x225.jpg\" alt=\"\" width=\"300\" height=\"225\" srcset=\"https:\/\/www.riex-papillon.de\/wp-content\/uploads\/2013\/09\/IMG_2254-300x225.jpg 300w, https:\/\/www.riex-papillon.de\/wp-content\/uploads\/2013\/09\/IMG_2254-1024x768.jpg 1024w, https:\/\/www.riex-papillon.de\/wp-content\/uploads\/2013\/09\/IMG_2254-250x187.jpg 250w\" sizes=\"auto, (max-width: 300px) 100vw, 300px\" \/><\/a>\u00a0\u00a0\u00a0\u00a0\u00a0\u00a0\u00a0\u00a0\u00a0\u00a0\u00a0\u00a0\u00a0\u00a0\u00a0\u00a0\u00a0\u00a0\u00a0\u00a0\u00a0\u00a0\u00a0\u00a0\u00a0\u00a0\u00a0\u00a0\u00a0\u00a0\u00a0\u00a0\u00a0\u00a0\u00a0\u00a0\u00a0\u00a0\u00a0\u00a0\u00a0\u00a0\u00a0\u00a0\u00a0\u00a0\u00a0\u00a0\u00a0\u00a0\u00a0\u00a0\u00a0\u00a0\u00a0\u00a0\u00a0\u00a0\u00a0\u00a0\u00a0\u00a0\u00a0\u00a0\u00a0\u00a0\u00a0\u00a0\u00a0\u00a0\u00a0\u00a0\u00a0\u00a0\u00a0\u00a0\u00a0\u00a0\u00a0\u00a0\u00a0\u00a0\u00a0\u00a0\u00a0\u00a0\u00a0\u00a0\u00a0\u00a0\u00a0\u00a0\u00a0\u00a0\u00a0\u00a0\u00a0\u00a0\u00a0\u00a0\u00a0\u00a0\u00a0\u00a0\u00a0\u00a0\u00a0\u00a0\u00a0\u00a0\u00a0\u00a0\u00a0\u00a0\u00a0\u00a0\u00a0\u00a0\u00a0\u00a0\u00a0\u00a0\u00a0\u00a0\u00a0\u00a0\u00a0\u00a0\u00a0\u00a0\u00a0\u00a0\u00a0\u00a0<\/address>\n<address>\u00a0\u00a0\u00a0\u00a0\u00a0\u00a0\u00a0\u00a0\u00a0\u00a0\u00a0\u00a0\u00a0\u00a0\u00a0\u00a0\u00a0\u00a0\u00a0\u00a0\u00a0\u00a0\u00a0\u00a0\u00a0\u00a0\u00a0\u00a0\u00a0\u00a0\u00a0\u00a0\u00a0\u00a0\u00a0\u00a0\u00a0\u00a0\u00a0\u00a0\u00a0\u00a0\u00a0\u00a0\u00a0\u00a0\u00a0\u00a0\u00a0\u00a0\u00a0\u00a0\u00a0\u00a0\u00a0\u00a0\u00a0\u00a0\u00a0\u00a0\u00a0\u00a0\u00a0\u00a0\u00a0\u00a0\u00a0\u00a0\u00a0\u00a0\u00a0\u00a0\u00a0\u00a0\u00a0\u00a0\u00a0\u00a0\u00a0\u00a0\u00a0\u00a0\u00a0\u00a0\u00a0\u00a0\u00a0\u00a0\u00a0\u00a0\u00a0\u00a0\u00a0\u00a0\u00a0 \u00a0\u00a0\u00a0\u00a0\u00a0\u00a0\u00a0\u00a0\u00a0\u00a0\u00a0\u00a0\u00a0\u00a0\u00a0\u00a0\u00a0\u00a0\u00a0\u00a0\u00a0\u00a0\u00a0\u00a0\u00a0\u00a0\u00a0\u00a0\u00a0\u00a0\u00a0\u00a0\u00a0\u00a0\u00a0\u00a0\u00a0\u00a0\u00a0\u00a0\u00a0\u00a0\u00a0\u00a0\u00a0\u00a0\u00a0\u00a0\u00a0\u00a0\u00a0\u00a0\u00a0\u00a0\u00a0\u00a0<\/address>\n<address>\u00a0\u00a0<\/address>\n<address>\u00a0 \u00a0\u00a0\u00a0\u00a0\u00a0\u00a0\u00a0\u00a0\u00a0\u00a0\u00a0\u00a0\u00a0\u00a0\u00a0\u00a0\u00a0\u00a0\u00a0\u00a0\u00a0\u00a0\u00a0\u00a0\u00a0\u00a0\u00a0\u00a0\u00a0\u00a0\u00a0\u00a0\u00a0\u00a0\u00a0\u00a0\u00a0\u00a0\u00a0\u00a0\u00a0\u00a0\u00a0\u00a0\u00a0\u00a0\u00a0\u00a0\u00a0\u00a0\u00a0\u00a0\u00a0\u00a0\u00a0\u00a0\u00a0\u00a0\u00a0\u00a0\u00a0\u00a0\u00a0\u00a0\u00a0\u00a0\u00a0\u00a0\u00a0\u00a0\u00a0\u00a0\u00a0\u00a0\u00a0\u00a0\u00a0\u00a0\u00a0\u00a0\u00a0\u00a0\u00a0\u00a0\u00a0\u00a0\u00a0\u00a0\u00a0\u00a0\u00a0\u00a0\u00a0\u00a0\u00a0\u00a0\u00a0\u00a0\u00a0\u00a0\u00a0\u00a0\u00a0<\/address>\n<p>&nbsp;<\/p>\n","protected":false},"excerpt":{"rendered":"<p>Papillon-Kennel \/\u00a0 Papillon-Zucht &#8222;von der Seseke&#8220; Wir freuen \u00fcber Ihr Interesse an unseren Welpen aus meiner Papillon-Zucht &#8222;von der Seseke&#8220;. Seit 1989 z\u00fcchte ich die liebenswerte und intelligenten Hunde Papillon. In einem pers\u00f6nlichen und telefonischen Gespr\u00e4ch beantworte ich Ihnen gerne Ihre Fragen vor der Anschaffung eines Papillonwelpen. Sicherlich haben Sie als neuer Welpenbesitzer Fragen. Auch [&hellip;]<\/p>\n","protected":false},"author":1,"featured_media":0,"parent":0,"menu_order":0,"comment_status":"open","ping_status":"open","template":"","meta":{"footnotes":""},"class_list":["post-20","page","type-page","status-publish","hentry"],"_links":{"self":[{"href":"http:\/\/www.riex-papillon.de\/index.php?rest_route=\/wp\/v2\/pages\/20","targetHints":{"allow":["GET"]}}],"collection":[{"href":"http:\/\/www.riex-papillon.de\/index.php?rest_route=\/wp\/v2\/pages"}],"about":[{"href":"http:\/\/www.riex-papillon.de\/index.php?rest_route=\/wp\/v2\/types\/page"}],"author":[{"embeddable":true,"href":"http:\/\/www.riex-papillon.de\/index.php?rest_route=\/wp\/v2\/users\/1"}],"replies":[{"embeddable":true,"href":"http:\/\/www.riex-papillon.de\/index.php?rest_route=%2Fwp%2Fv2%2Fcomments&post=20"}],"version-history":[{"count":183,"href":"http:\/\/www.riex-papillon.de\/index.php?rest_route=\/wp\/v2\/pages\/20\/revisions"}],"predecessor-version":[{"id":1962,"href":"http:\/\/www.riex-papillon.de\/index.php?rest_route=\/wp\/v2\/pages\/20\/revisions\/1962"}],"wp:attachment":[{"href":"http:\/\/www.riex-papillon.de\/index.php?rest_route=%2Fwp%2Fv2%2Fmedia&parent=20"}],"curies":[{"name":"wp","href":"https:\/\/api.w.org\/{rel}","templated":true}]}}