{"id":8,"date":"2013-09-26T07:30:46","date_gmt":"2013-09-26T05:30:46","guid":{"rendered":"http:\/\/www.riex-papillon.de\/?page_id=8"},"modified":"2023-03-06T13:47:30","modified_gmt":"2023-03-06T11:47:30","slug":"ueber-uns","status":"publish","type":"page","link":"http:\/\/www.riex-papillon.de\/?page_id=8","title":{"rendered":"\u00dcber Uns"},"content":{"rendered":"<p><img loading=\"lazy\" decoding=\"async\" class=\"alignnone size-full wp-image-92\" alt=\"ueber_uns\" src=\"http:\/\/www.riex-papillon.de\/wp-content\/uploads\/2013\/09\/ueber_uns.png\" width=\"503\" height=\"114\" srcset=\"https:\/\/www.riex-papillon.de\/wp-content\/uploads\/2013\/09\/ueber_uns.png 503w, https:\/\/www.riex-papillon.de\/wp-content\/uploads\/2013\/09\/ueber_uns-300x67.png 300w, https:\/\/www.riex-papillon.de\/wp-content\/uploads\/2013\/09\/ueber_uns-250x56.png 250w\" sizes=\"auto, (max-width: 503px) 100vw, 503px\" \/><\/p>\n<p><strong>Papillon Kennel &#8211; Papillon Zucht &#8222;von der Seseke&#8220;<\/strong><\/p>\n<p>1986 ist der 1. Papillon in unser Haus eingezogen. Es war Lotus-Bl\u00fcte vom Martinsdank, genannt Reica. Mit ihr besuchte ich einige Hundeausstellungen und schnell wurde Reica Deutscher Champion. Das ich sp\u00e4ter Z\u00fcchter dieser liebenswerte Hunderasse werden sollte, daran habe ich wirklich nicht gedacht, als Reica unser neues Familienmitglied wurde.<\/p>\n<p><img loading=\"lazy\" decoding=\"async\" class=\"wp-image-368 alignleft\" style=\"border: 1px solid #dcdcdc; padding: 10px;\" alt=\"inigo1\" src=\"http:\/\/www.riex-papillon.de\/wp-content\/uploads\/2013\/09\/inigo1.png\" width=\"345\" height=\"240\" srcset=\"https:\/\/www.riex-papillon.de\/wp-content\/uploads\/2013\/09\/inigo1.png 431w, https:\/\/www.riex-papillon.de\/wp-content\/uploads\/2013\/09\/inigo1-300x208.png 300w, https:\/\/www.riex-papillon.de\/wp-content\/uploads\/2013\/09\/inigo1-250x174.png 250w\" sizes=\"auto, (max-width: 345px) 100vw, 345px\" \/><\/p>\n<p>Auf der Suche nach einem zust\u00e4ndigen Hundeverein innerhalb des Verbandes &#8222;VDH&#8220; bin ich auf den Papillon-und Phal\u00e8ne-Club Deutschland e.V. aufmerksam geworden und bin auch gleich als Mitglied bei dem Verein eingetreten.<\/p>\n<p>Inzwischen bin ich 1. Vorsitzende des Papillon-und Phal\u00e8ne-Club Deutschland e.V. (PPCD), weil mir diese Familienhunde sehr wichtig sind. Diese liebenswerten Kleinhunde haben mich sofort verzaubert.<\/p>\n<p>&nbsp;<\/p>\n<p><img loading=\"lazy\" decoding=\"async\" class=\"size-full wp-image-128 alignright\" style=\"border: 1px solid #dcdcdc; padding: 10px;\" alt=\"tesoro\" src=\"http:\/\/www.riex-papillon.de\/wp-content\/uploads\/2013\/09\/tesoro.png\" width=\"272\" height=\"233\" srcset=\"https:\/\/www.riex-papillon.de\/wp-content\/uploads\/2013\/09\/tesoro.png 272w, https:\/\/www.riex-papillon.de\/wp-content\/uploads\/2013\/09\/tesoro-250x214.png 250w\" sizes=\"auto, (max-width: 272px) 100vw, 272px\" \/><\/p>\n<p>&nbsp;<\/p>\n<p style=\"text-align: left;\">Inigo von der Seseke<\/p>\n<p>1990 hatte ich gro\u00dfes Gl\u00fcck, ein neues Familiemitglied aus Schweden kaufen zu k\u00f6nnen. Es war Pierosas Tesoro. Mit ihm habe ich nicht nur sehr viele Erfolge auf Hundeausstellungen erringen k\u00f6nnen, er ist auch der Stammvater meines kleinen Kennels und meiner Zucht geworden.<\/p>\n<p style=\"text-align: left;\">In sp\u00e4teren Jahren habe ich noch von den schwedischen Kennels &#8222;La Rocca\u00b4s&#8220;, &#8222;Golden Leafs&#8220; und &#8222;Zkarabi\u00b4s&#8220; bezaubernde Papillonwelpen gekauft und bin den Z\u00fcchtern sehr dankbar, dass sie mir die h\u00fcbschen Papillon puppies verkauft haben.<\/p>\n<p style=\"text-align: right;\">&nbsp; &nbsp; &nbsp; &nbsp; &nbsp; &nbsp; &nbsp; &nbsp; &nbsp; &nbsp; &nbsp; &nbsp; &nbsp; &nbsp; &nbsp; &nbsp; &nbsp; &nbsp; &nbsp; &nbsp; &nbsp; &nbsp; &nbsp; &nbsp; &nbsp; &nbsp; &nbsp; &nbsp; &nbsp; &nbsp; &nbsp; &nbsp; &nbsp; &nbsp; &nbsp; &nbsp; &nbsp; &nbsp; &nbsp; &nbsp; &nbsp; &nbsp; &nbsp; &nbsp; &nbsp; &nbsp; &nbsp; &nbsp; &nbsp; &nbsp; &nbsp; &nbsp; &nbsp; &nbsp; &nbsp; &nbsp; &nbsp; &nbsp; &nbsp; &nbsp; &nbsp; &nbsp; &nbsp; &nbsp; &nbsp; &nbsp; &nbsp; &nbsp; &nbsp; &nbsp; &nbsp; &nbsp; &nbsp; &nbsp; &nbsp; &nbsp; &nbsp; &nbsp; &nbsp; &nbsp; Pierosas Tesoro<\/p>\n","protected":false},"excerpt":{"rendered":"<p>Papillon Kennel &#8211; Papillon Zucht &#8222;von der Seseke&#8220; 1986 ist der 1. Papillon in unser Haus eingezogen. Es war Lotus-Bl\u00fcte vom Martinsdank, genannt Reica. Mit ihr besuchte ich einige Hundeausstellungen und schnell wurde Reica Deutscher Champion. Das ich sp\u00e4ter Z\u00fcchter dieser liebenswerte Hunderasse werden sollte, daran habe ich wirklich nicht gedacht, als Reica unser neues [&hellip;]<\/p>\n","protected":false},"author":1,"featured_media":0,"parent":0,"menu_order":0,"comment_status":"open","ping_status":"open","template":"","meta":{"footnotes":""},"class_list":["post-8","page","type-page","status-publish","hentry"],"_links":{"self":[{"href":"http:\/\/www.riex-papillon.de\/index.php?rest_route=\/wp\/v2\/pages\/8","targetHints":{"allow":["GET"]}}],"collection":[{"href":"http:\/\/www.riex-papillon.de\/index.php?rest_route=\/wp\/v2\/pages"}],"about":[{"href":"http:\/\/www.riex-papillon.de\/index.php?rest_route=\/wp\/v2\/types\/page"}],"author":[{"embeddable":true,"href":"http:\/\/www.riex-papillon.de\/index.php?rest_route=\/wp\/v2\/users\/1"}],"replies":[{"embeddable":true,"href":"http:\/\/www.riex-papillon.de\/index.php?rest_route=%2Fwp%2Fv2%2Fcomments&post=8"}],"version-history":[{"count":43,"href":"http:\/\/www.riex-papillon.de\/index.php?rest_route=\/wp\/v2\/pages\/8\/revisions"}],"predecessor-version":[{"id":1492,"href":"http:\/\/www.riex-papillon.de\/index.php?rest_route=\/wp\/v2\/pages\/8\/revisions\/1492"}],"wp:attachment":[{"href":"http:\/\/www.riex-papillon.de\/index.php?rest_route=%2Fwp%2Fv2%2Fmedia&parent=8"}],"curies":[{"name":"wp","href":"https:\/\/api.w.org\/{rel}","templated":true}]}}