{"id":26,"date":"2013-09-26T07:32:33","date_gmt":"2013-09-26T05:32:33","guid":{"rendered":"http:\/\/www.riex-papillon.de\/?page_id=26"},"modified":"2023-03-06T13:45:00","modified_gmt":"2023-03-06T11:45:00","slug":"impressum","status":"publish","type":"page","link":"https:\/\/www.riex-papillon.de\/?page_id=26","title":{"rendered":"Impressum &#8211; Datenschutz"},"content":{"rendered":"<p><strong>Sieglinde Riex\u00a0 &#8211; Z\u00fcchter im VDH\/FCI<br \/>\n<strong>Hobbyzucht der fr\u00f6hlichen und liebenswerten Papillons<br \/>\n<\/strong><\/strong><\/p>\n<p><strong><strong>Kennel Papillons von der Seseke\u00a0 <a href=\"http:\/\/www.riex-papillon.de\/wp-content\/uploads\/2020\/07\/Armani-BOB-M\u00fcnster-20-mit-10-Monaten.jpg\"><img loading=\"lazy\" decoding=\"async\" class=\"alignnone  wp-image-1546\" src=\"http:\/\/www.riex-papillon.de\/wp-content\/uploads\/2020\/07\/Armani-BOB-M\u00fcnster-20-mit-10-Monaten-300x261.jpg\" alt=\"\" width=\"418\" height=\"364\" srcset=\"https:\/\/www.riex-papillon.de\/wp-content\/uploads\/2020\/07\/Armani-BOB-M\u00fcnster-20-mit-10-Monaten-300x261.jpg 300w, https:\/\/www.riex-papillon.de\/wp-content\/uploads\/2020\/07\/Armani-BOB-M\u00fcnster-20-mit-10-Monaten-1024x891.jpg 1024w, https:\/\/www.riex-papillon.de\/wp-content\/uploads\/2020\/07\/Armani-BOB-M\u00fcnster-20-mit-10-Monaten-768x668.jpg 768w, https:\/\/www.riex-papillon.de\/wp-content\/uploads\/2020\/07\/Armani-BOB-M\u00fcnster-20-mit-10-Monaten-1536x1336.jpg 1536w, https:\/\/www.riex-papillon.de\/wp-content\/uploads\/2020\/07\/Armani-BOB-M\u00fcnster-20-mit-10-Monaten-250x218.jpg 250w, https:\/\/www.riex-papillon.de\/wp-content\/uploads\/2020\/07\/Armani-BOB-M\u00fcnster-20-mit-10-Monaten.jpg 1577w\" sizes=\"auto, (max-width: 418px) 100vw, 418px\" \/><\/a><br \/>\n<\/strong><\/strong><\/p>\n<p>Auf dem Rohrkamp 2<br \/>\n59199 B\u00f6nen<\/p>\n<p>Telefon: +49 (0)2383 8757<br \/>\nE-Mail: s@riex-papillon.de<\/p>\n<p>Webseiten:<br \/>\nwww.riex-papillon.de<\/p>\n<p><strong>Impressum<\/strong><\/p>\n<p>Ich widerspreche hiermit ausdr\u00fccklich der Verwendung meiner im Rahmen der Anbieterkennzeichnungspflicht ver\u00f6ffentlichten Kontaktdaten zur \u00dcbersendung von nicht ausdr\u00fccklich angeforderter Werbung und Informationsmaterialien. Ich behalte mir ausdr\u00fccklich vor, rechtliche Schritte im Falle der unverlangten Zusendung von Werbeinformationen, z.B. durch Spam-Mails, einzuleiten.<\/p>\n<p>Haftungsausschluss:<br \/>\nDieser Haftungsausschluss ist als Teil des Internetangebotes zu betrachten, von welchem aus auf diese Webseite verwiesen wurde.<\/p>\n<p>Die Angaben und Informationen auf dieser Internetpr\u00e4senz erfolgen zu allgemeinen Informationszwecken. Sie wurden mit gr\u00f6\u00dfter Sorgfalt zusammengestellt und gepr\u00fcft. Trotzdem kann keine Gew\u00e4hr \u2013 weder ausdr\u00fccklich noch stillschweigend \u2013 f\u00fcr die Vollst\u00e4ndigkeit, Fehlerfreiheit, Aktualit\u00e4t oder Qualit\u00e4t und jederzeitige Verf\u00fcgbarkeit der bereit gestellten Informationen \u00fcbernommen. Jegliche Haftung f\u00fcr Sch\u00e4den wird ausgeschlossen, soweit diese nicht auf Vorsatz oder grober Fahrl\u00e4ssigkeit beruhen.<\/p>\n<p>Alle Angebote sind freibleibend und unverbindlich. Ich behalte mir ausdr\u00fccklich vor, Teile der Website oder das gesamte Angebot ohne gesonderte Ank\u00fcndigung zu ver\u00e4ndern, zu erg\u00e4nzen, zu l\u00f6schen oder die Ver\u00f6ffentlichung zeitweise oder endg\u00fcltig einzustellen.<\/p>\n<p>Websites dritter Anbieter\/Links:<br \/>\nDiese Website enth\u00e4lt ggf. auch Links oder Verweise auf Webseiten Dritter, auf deren Inhalt ich keinen Einfluss habe. Ich erkl\u00e4re, dass zum Zeitpunkt der Verlinkung der Webseiten Dritter keine rechtswidrigen Inhalte auf den verlinkten Seiten erkennbar waren. Ich distanziere mich daher ausdr\u00fccklich von den Inhalten aller verlinkten Webseiten, die nach der Verlinkung ver\u00e4ndert wurden. Es wird keine Verantwortung f\u00fcr die Verf\u00fcgbarkeit oder den Inhalt solcher Webseiten \u00fcbernommen und keine Haftung f\u00fcr Sch\u00e4den, die direkt oder indirekt aus der Benutzung solcher Inhalte entstehen. F\u00fcr rechtswidrige, fehlerhafte oder unvollst\u00e4ndige Inhalte und f\u00fcr Sch\u00e4den, die direkt oder indirekt aus der Benutzung entstehen, haftet allein der Anbieter der Seite, auf welche verwiesen wird.<\/p>\n<p>Urheberrecht:<br \/>\nDie auf dieser Website befindlichen Texte, Bilder, Grafiken, Animationen oder deren Anordnung unterliegen dem Schutz durch das Urheberrecht und andere Schutzgesetze. Die Vervielf\u00e4ltigung, Bearbeitung, Verbreitung und jede Art der Verwertung au\u00dferhalb der Schranken des Urheberrechtes bedarf der vorherigen schriftlichen Zustimmung. Der Inhalt dieser Internetpr\u00e4senz darf nicht zu kommerziellen Zwecken verwertet werden.<\/p>\n<p><span style=\"color: #ffcc00;\"><strong>Datenschutzhinweis\/<\/strong><\/span><\/p>\n<p><strong><span style=\"color: #ffcc00;\">EU-Datenschutzgrundverordnung:\u00a0\u00a0\u00a0\u00a0\u00a0\u00a0\u00a0\u00a0\u00a0\u00a0<\/span>\u00a0\u00a0\u00a0\u00a0\u00a0\u00a0\u00a0\u00a0\u00a0\u00a0\u00a0\u00a0\u00a0\u00a0\u00a0\u00a0\u00a0\u00a0\u00a0\u00a0\u00a0\u00a0\u00a0\u00a0\u00a0\u00a0\u00a0\u00a0\u00a0\u00a0\u00a0\u00a0\u00a0\u00a0\u00a0\u00a0\u00a0\u00a0\u00a0\u00a0\u00a0\u00a0\u00a0\u00a0\u00a0\u00a0\u00a0\u00a0\u00a0\u00a0\u00a0\u00a0\u00a0\u00a0\u00a0\u00a0\u00a0\u00a0\u00a0\u00a0\u00a0\u00a0\u00a0\u00a0\u00a0\u00a0\u00a0\u00a0\u00a0\u00a0\u00a0\u00a0\u00a0\u00a0\u00a0\u00a0\u00a0\u00a0\u00a0\u00a0\u00a0\u00a0\u00a0\u00a0\u00a0\u00a0\u00a0\u00a0\u00a0\u00a0\u00a0\u00a0\u00a0\u00a0\u00a0\u00a0\u00a0\u00a0\u00a0\u00a0\u00a0\u00a0\u00a0\u00a0\u00a0\u00a0\u00a0\u00a0\u00a0\u00a0\u00a0\u00a0\u00a0\u00a0\u00a0\u00a0\u00a0\u00a0\u00a0\u00a0\u00a0\u00a0\u00a0\u00a0\u00a0\u00a0\u00a0\u00a0\u00a0\u00a0\u00a0\u00a0\u00a0\u00a0\u00a0\u00a0\u00a0\u00a0\u00a0\u00a0\u00a0\u00a0\u00a0\u00a0\u00a0\u00a0\u00a0\u00a0\u00a0\u00a0\u00a0\u00a0\u00a0\u00a0\u00a0 <\/strong><br \/>\nDer Schutz Ihrer personenbezogenen Daten bei der Erhebung, Verarbeitung und Nutzung anl\u00e4sslich Ihres Besuchs auf diesen Webseiten ist mir ein gro\u00dfes Anliegen und nehme ich sehr ernst. Ihre Daten werden vollumf\u00e4nglich im Rahmen der gesetzlichen Vorschriften gesch\u00fctzt. Sie bleiben bei dem Besuch dieser Website anonym, da keine personenbezogenen Daten (beispielsweise Name, Anschrift oder e-Mail-Adressen) gespeichert werden.<\/p>\n<p>Auf dieser Website befinden sich Links zu fremden Webseiten, auf denen gegebenenfalls Cookies verwendet oder personenbezogene Daten erhoben und verwendet werden k\u00f6nnen. Hierauf habe ich keinen Einfluss und kann Sie vorher darauf nicht hinweisen. Diese Website nutzt Funktionen des Webanalysedienstes Google Analytics. Anbieter ist die Google Inc. 1600 Amphitheatre Parkway Mountain View, CA 94043, USA. Google verwendet sog. &#8222;Cookies&#8220;, Textdateien, die auf Ihrem Computer gespeichert werden und die eine Analyse der Benutzung der Website durch Sie erm\u00f6glichen. Die durch den Cookie erzeugten Informationen \u00fcber Ihre Benutzung dieser Webseite werden in der Regel an einen Server von Google in den USA \u00fcbertragen und dort gespeichert. Im Falle der Aktivierung der IP-Anonymisierung auf dieser Webseite wird Ihre IP-Adresse von Google jedoch innerhalb von Mitgliedstaaten der Europ\u00e4ischen Union oder in anderen Vertragsstaaten des Abkommens \u00fcber den Europ\u00e4ischen Wirtschaftsraum zuvor gek\u00fcrzt. Nur in Ausnahmef\u00e4llen wird die volle IP-Adresse an einen Server von Google in den USA \u00fcbertragen und dort gek\u00fcrzt. Im Auftrag des Betreibers dieser Website wird Google diese Informationen benutzen, um Ihre Nutzung der Website auszuwerten, um Reports \u00fcber die Websiteaktivit\u00e4ten zusammenzustellen und um weitere mit der Websitenutzung und der Internetnutzung verbundene Dienstleistungen gegen\u00fcber dem Websitebetreiber zu erbringen. Die im Rahmen von Google Analytics von Ihrem Browser \u00fcbermittelte IP-Adresse wird nicht mit anderen Daten von Google zusammengef\u00fchrt. Sie k\u00f6nnen die Speicherung der Cookies durch eine entsprechende Einstellung Ihrer Browser-Software verhindern und dar\u00fcber hinaus die Erfassung der durch das Cookie erzeugten und auf Ihre Nutzung der Website bezogenen Daten (inkl. Ihrer IP-Adresse) an Google sowie die Verarbeitung dieser Daten durch Google verhindern, indem Sie das unter dem folgenden Link verf\u00fcgbare Browser-Plugin herunterladen und installieren:\u00a0\u00a0\u00a0\u00a0\u00a0\u00a0\u00a0\u00a0\u00a0\u00a0\u00a0\u00a0\u00a0\u00a0\u00a0\u00a0\u00a0\u00a0\u00a0\u00a0\u00a0\u00a0\u00a0\u00a0\u00a0\u00a0\u00a0\u00a0\u00a0\u00a0\u00a0\u00a0\u00a0\u00a0\u00a0\u00a0\u00a0\u00a0\u00a0\u00a0\u00a0\u00a0\u00a0\u00a0\u00a0\u00a0\u00a0\u00a0\u00a0\u00a0\u00a0\u00a0\u00a0\u00a0\u00a0\u00a0\u00a0\u00a0\u00a0\u00a0\u00a0\u00a0\u00a0\u00a0\u00a0\u00a0\u00a0\u00a0\u00a0\u00a0\u00a0\u00a0\u00a0\u00a0\u00a0\u00a0\u00a0\u00a0\u00a0\u00a0\u00a0\u00a0\u00a0\u00a0\u00a0\u00a0\u00a0\u00a0\u00a0\u00a0\u00a0\u00a0\u00a0\u00a0\u00a0\u00a0\u00a0\u00a0\u00a0\u00a0\u00a0\u00a0\u00a0\u00a0\u00a0\u00a0\u00a0\u00a0\u00a0\u00a0\u00a0\u00a0\u00a0\u00a0\u00a0\u00a0\u00a0\u00a0\u00a0\u00a0\u00a0\u00a0\u00a0\u00a0\u00a0\u00a0\u00a0\u00a0\u00a0\u00a0\u00a0\u00a0\u00a0\u00a0\u00a0\u00a0\u00a0\u00a0\u00a0\u00a0\u00a0\u00a0\u00a0\u00a0\u00a0\u00a0\u00a0\u00a0\u00a0\u00a0\u00a0\u00a0\u00a0\u00a0\u00a0\u00a0\u00a0\u00a0\u00a0\u00a0\u00a0\u00a0\u00a0\u00a0\u00a0\u00a0\u00a0\u00a0\u00a0\u00a0\u00a0\u00a0\u00a0\u00a0\u00a0\u00a0\u00a0\u00a0\u00a0\u00a0\u00a0\u00a0\u00a0\u00a0\u00a0\u00a0\u00a0\u00a0\u00a0\u00a0\u00a0\u00a0\u00a0\u00a0\u00a0\u00a0\u00a0\u00a0\u00a0\u00a0\u00a0\u00a0\u00a0\u00a0\u00a0\u00a0\u00a0\u00a0\u00a0\u00a0\u00a0\u00a0\u00a0\u00a0\u00a0\u00a0\u00a0\u00a0\u00a0 http:\/\/tools.google.com\/dlpage\/gaoptout?hl=de\u00a0\u00a0 Quellenangaben: Datenschutzerkl\u00e4rung Google Analytic<\/p>\n<p>Ich weise Sie jedoch darauf hin, dass Sie in diesem Fall gegebenenfalls nicht s\u00e4mtliche Funktionen dieser Website vollumf\u00e4nglich werden nutzen k\u00f6nnen.<\/p>\n<p>Sie haben jederzeit das Recht auf unentgeltliche Auskunft \u00fcber Ihre gespeicherten personenbezogenen Daten, deren Herkunft und Empf\u00e4nger und den Zweck der Datenverarbeitung sowie ein Recht auf Berichtigung, Sperrung oder L\u00f6schung dieser Daten.<\/p>\n<p>Die Internetseiten verwenden teilweise so genannte Cookies. Cookies richten auf Ihrem Rechner keinen Schaden an und enthalten keine Viren. Cookies dienen dazu, ein Angebot nutzerfreundlicher, effektiver und sicherer zu machen. Cookies sind kleine Textdateien, die auf Ihrem Rechner abgelegt werden und die Ihr Browser speichert.<\/p>\n<p>Die meisten verwendeten Cookies sind so genannte &#8222;Session-Cookies&#8220;. Sie werden nach Ende Ihres Besuches automatisch gel\u00f6scht. Andere Cookies bleiben auf Ihrem Endger\u00e4t gespeichert, bis Sie diese l\u00f6schen.<\/p>\n<p>Sie k\u00f6nnen Ihren Browser so einstellen, dass Sie \u00fcber das Setzen von Cookies informiert werden und Cookies nur im Einzelfall erlauben, die Annahme von Cookies f\u00fcr bestimmte F\u00e4lle oder generell ausschlie\u00dfen sowie das automatische L\u00f6schen der Cookies beim Schlie\u00dfen des Browser aktivieren. Bei der Deaktivierung von Cookies kann die Funktionalit\u00e4t dieser Website eingeschr\u00e4nkt sein.<\/p>\n<p>Server-Log-Files<\/p>\n<p>Der Provider der Seiten erhebt und speichert automatisch Informationen in so genannten Server-Log-Files, die Ihr Browser automatisch an mich \u00fcbermittelt.<\/p>\n<p>Dies sind:\u00a0 \u00a0 \u00a0 \u00a0 \u00a0 \u00a0 \u00a0 \u00a0 \u00a0 \u00a0 \u00a0 \u00a0 \u00a0 \u00a0 \u00a0 \u00a0 \u00a0 \u00a0 \u00a0 \u00a0 \u00a0 \u00a0 \u00a0 \u00a0 \u00a0 \u00a0 \u00a0 \u00a0 \u00a0 \u00a0 \u00a0 \u00a0 \u00a0 \u00a0 \u00a0 \u00a0 \u00a0 \u00a0 \u00a0 \u00a0 \u00a0 \u00a0 \u00a0 \u00a0 \u00a0 \u00a0 \u00a0 \u00a0 \u00a0 \u00a0 \u00a0 \u00a0 \u00a0 \u00a0 \u00a0 \u00a0 \u00a0 \u00a0 \u00a0 \u00a0 \u00a0 \u00a0 \u00a0 \u00a0 \u00a0 \u00a0 \u00a0 \u00a0 \u00a0 \u00a0 \u00a0 \u00a0 \u00a0 \u00a0 \u00a0 \u00a0 \u00a0 \u00a0 \u00a0 \u00a0 \u00a0 \u00a0 \u00a0 \u00a0 \u00a0 \u00a0 \u00a0 \u00a0 \u00a0 \u00a0 \u00a0 \u00a0 \u00a0 \u00a0 \u00a0 \u00a0 \u00a0 \u00a0 \u00a0 \u00a0 \u00a0 \u00a0 \u00a0 \u00a0 \u00a0 \u00a0 \u00a0 \u00a0\u00a0\u00a0\u00a0\u00a0 Browsertyp\/Browserversion, verwendetes Betriebssystem, Referrer URL, Hostname des zugreifenden Rechners, Uhrzeit der Serveranfrage. Diese Daten sind nicht bestimmten Personen zuordenbar. Eine Zusammenf\u00fchrung dieser Daten mit anderen Datenquellen wird nicht vorgenommen. Ich behalte mir vor, diese Daten nachtr\u00e4glich zu pr\u00fcfen, wenn mir konkrete Anhaltspunkt f\u00fcr eine rechtswidrige Nutzung bekannt sind.<\/p>\n<p>\u00c4nderungen der Datenschutzerkl\u00e4rung<\/p>\n<p>Ich behalte mir vor, die Datenschutzerkl\u00e4rung zu \u00e4ndern, um sie an ge\u00e4nderte Rechtslagen oder bei \u00c4nderungen des Dienstes sowie der Datenverarbeitung anzupassen. Dies gilt jedoch nur im Hinblick auf Erkl\u00e4rungen zur Datenverarbeitung.\u00a0\u00a0\u00a0\u00a0\u00a0\u00a0\u00a0\u00a0\u00a0\u00a0\u00a0\u00a0\u00a0\u00a0\u00a0\u00a0\u00a0\u00a0\u00a0\u00a0\u00a0\u00a0\u00a0\u00a0\u00a0\u00a0\u00a0\u00a0\u00a0\u00a0\u00a0\u00a0\u00a0\u00a0 \u00a0 \u00a0 \u00a0 \u00a0 \u00a0 \u00a0 \u00a0 \u00a0 \u00a0 \u00a0 \u00a0 \u00a0 \u00a0 \u00a0 \u00a0 \u00a0\u00a0\u00a0 Sofern Einwilligungen der Nutzer erforderlich sind oder Bestandteile der Datenschutzerkl\u00e4rung Regelungen des Vertragsverh\u00e4ltnisses mit den Nutzern enthalten, erfolgen die \u00c4nderungen nur mit Zustimmung der Nutzer. Die Nutzer werden gebeten, sich regelm\u00e4\u00dfig \u00fcber den Inhalt der Datenschutzerkl\u00e4rung zu informieren.<\/p>\n<p>Sicherheitshinweis:<br \/>\nSollten Sie per E-Mail mit mir in Kontakt treten, so kann eine vollst\u00e4ndige Datensicherheit nicht gew\u00e4hrleistet werden, da eine Daten\u00fcbertragung im Internet Sicherheitsl\u00fccken aufweisen kann. Ein l\u00fcckenloser Schutz der Daten vor dem Zugriff durch Dritte ist nicht m\u00f6glich.<\/p>\n<p>F\u00fcr die \u00dcbermittlung vertraulicher Informationen empfehle ich Ihnen, ausschlie\u00dflich den Postweg zu w\u00e4hlen.<\/p>\n<p>Bei der informatorischen Nutzung meiner Webseite findet keine Weitergabe oder anderweitige Verwendung von Daten statt.<\/p>\n<h3>Fotonachweise<\/h3>\n<p>\u00a9 determined &#8211; Fotolia.com<br \/>\n\u00a9 sunny07 &#8211; Fotolia.com<\/p>\n","protected":false},"excerpt":{"rendered":"<p>Sieglinde Riex\u00a0 &#8211; Z\u00fcchter im VDH\/FCI Hobbyzucht der fr\u00f6hlichen und liebenswerten Papillons Kennel Papillons von der Seseke\u00a0 Auf dem Rohrkamp 2 59199 B\u00f6nen Telefon: +49 (0)2383 8757 E-Mail: s@riex-papillon.de Webseiten: www.riex-papillon.de Impressum Ich widerspreche hiermit ausdr\u00fccklich der Verwendung meiner im Rahmen der Anbieterkennzeichnungspflicht ver\u00f6ffentlichten Kontaktdaten zur \u00dcbersendung von nicht ausdr\u00fccklich angeforderter Werbung und Informationsmaterialien. Ich [&hellip;]<\/p>\n","protected":false},"author":1,"featured_media":0,"parent":0,"menu_order":0,"comment_status":"open","ping_status":"open","template":"","meta":{"footnotes":""},"class_list":["post-26","page","type-page","status-publish","hentry"],"_links":{"self":[{"href":"https:\/\/www.riex-papillon.de\/index.php?rest_route=\/wp\/v2\/pages\/26","targetHints":{"allow":["GET"]}}],"collection":[{"href":"https:\/\/www.riex-papillon.de\/index.php?rest_route=\/wp\/v2\/pages"}],"about":[{"href":"https:\/\/www.riex-papillon.de\/index.php?rest_route=\/wp\/v2\/types\/page"}],"author":[{"embeddable":true,"href":"https:\/\/www.riex-papillon.de\/index.php?rest_route=\/wp\/v2\/users\/1"}],"replies":[{"embeddable":true,"href":"https:\/\/www.riex-papillon.de\/index.php?rest_route=%2Fwp%2Fv2%2Fcomments&post=26"}],"version-history":[{"count":48,"href":"https:\/\/www.riex-papillon.de\/index.php?rest_route=\/wp\/v2\/pages\/26\/revisions"}],"predecessor-version":[{"id":1787,"href":"https:\/\/www.riex-papillon.de\/index.php?rest_route=\/wp\/v2\/pages\/26\/revisions\/1787"}],"wp:attachment":[{"href":"https:\/\/www.riex-papillon.de\/index.php?rest_route=%2Fwp%2Fv2%2Fmedia&parent=26"}],"curies":[{"name":"wp","href":"https:\/\/api.w.org\/{rel}","templated":true}]}}